{"id":6025,"date":"2025-01-26T19:59:11","date_gmt":"2025-01-26T18:59:11","guid":{"rendered":"https:\/\/www.culturise.tech\/impressum\/"},"modified":"2026-02-27T12:10:54","modified_gmt":"2026-02-27T11:10:54","slug":"impressum","status":"publish","type":"page","link":"https:\/\/www.culturise.tech\/de\/impressum\/","title":{"rendered":"Impressum"},"content":{"rendered":"<p><div class=\"fusion-fullwidth fullwidth-box fusion-builder-row-1 fusion-flex-container has-pattern-background has-mask-background fusion-parallax-none nonhundred-percent-fullwidth non-hundred-percent-height-scrolling lazyload fusion-animated\" style=\"--awb-border-radius-top-left:0px;--awb-border-radius-top-right:0px;--awb-border-radius-bottom-right:0px;--awb-border-radius-bottom-left:0px;--awb-padding-top:8vw;--awb-padding-bottom:8vw;--awb-background-image:linear-gradient(180deg, hsla(var(--awb-color8-h),var(--awb-color8-s),var(--awb-color8-l),calc(var(--awb-color8-a) - 40%)) 0%,hsla(var(--awb-color8-h),var(--awb-color8-s),var(--awb-color8-l),calc(var(--awb-color8-a) - 40%)) 100%);;--awb-background-size:cover;--awb-flex-wrap:wrap;--awb-animation-color:var(--awb-color8);\" data-bg=\"https:\/\/www.culturise.tech\/wp-content\/uploads\/2023\/05\/banner-13.jpg\" data-bg-gradient=\"linear-gradient(180deg, hsla(var(--awb-color8-h),var(--awb-color8-s),var(--awb-color8-l),calc(var(--awb-color8-a) - 40%)) 0%,hsla(var(--awb-color8-h),var(--awb-color8-s),var(--awb-color8-l),calc(var(--awb-color8-a) - 40%)) 100%)\" data-animationType=\"revealInLeft\" data-animationDuration=\"1.3\" data-animationOffset=\"top-into-view\" ><div class=\"fusion-builder-row fusion-row fusion-flex-align-items-flex-start fusion-flex-justify-content-center fusion-flex-content-wrap\" style=\"max-width:1248px;margin-left: calc(-4% \/ 2 );margin-right: calc(-4% \/ 2 );\"><div class=\"fusion-layout-column fusion_builder_column fusion-builder-column-0 fusion_builder_column_3_4 3_4 fusion-flex-column fusion-animated\" style=\"--awb-bg-size:cover;--awb-width-large:75%;--awb-margin-top-large:0px;--awb-spacing-right-large:2.56%;--awb-margin-bottom-large:0px;--awb-spacing-left-large:2.56%;--awb-width-medium:75%;--awb-order-medium:0;--awb-spacing-right-medium:2.56%;--awb-spacing-left-medium:2.56%;--awb-width-small:100%;--awb-order-small:0;--awb-spacing-right-small:1.92%;--awb-spacing-left-small:1.92%;\" data-animationType=\"fadeInUp\" data-animationDuration=\"1.3\" data-animationDelay=\"1.3\" data-animationOffset=\"top-into-view\"><div class=\"fusion-column-wrapper fusion-column-has-shadow fusion-flex-justify-content-flex-start fusion-content-layout-column\"><div class=\"fusion-title title fusion-title-1 fusion-sep-none fusion-title-center fusion-title-text fusion-title-size-div\" style=\"--awb-text-color:var(--awb-color2);--awb-margin-top:0px;--awb-margin-bottom:30px;--awb-margin-top-small:10px;--awb-margin-right-small:0px;--awb-margin-bottom-small:10px;--awb-margin-left-small:0px;--awb-font-size:var(--awb-typography2-font-size);\"><div class=\"fusion-title-heading title-heading-center title-heading-tag\" style=\"font-family:var(--awb-typography2-font-family);font-weight:var(--awb-typography2-font-weight);font-style:var(--awb-typography2-font-style);margin:0;letter-spacing:var(--awb-typography2-letter-spacing);text-transform:var(--awb-typography2-text-transform);font-size:1em;line-height:var(--awb-typography2-line-height);\"><u>Culturise Consulting UG (haftungsbeschr\u00e4nkt)<\/u><\/div><\/div><div class=\"fusion-title title fusion-title-2 fusion-no-large-visibility fusion-sep-none fusion-title-text fusion-title-size-one\" style=\"--awb-margin-top:0px;--awb-margin-bottom:40px;--awb-margin-top-small:10px;--awb-margin-right-small:0px;--awb-margin-bottom-small:10px;--awb-margin-left-small:0px;--awb-margin-bottom-medium:20px;--awb-font-size:46px;\"><h1 class=\"fusion-title-heading title-heading-left md-text-align-center sm-text-align-center\" style=\"margin:0;font-size:1em;line-height:53px;\">Impressum \/ Rechtliche Hinweise<\/h1><\/div><div class=\"fusion-title title fusion-title-3 fusion-no-small-visibility fusion-no-medium-visibility fusion-sep-none fusion-title-center fusion-title-text fusion-title-size-one\" style=\"--awb-margin-top:0px;--awb-margin-bottom:40px;--awb-margin-top-small:10px;--awb-margin-right-small:0px;--awb-margin-bottom-small:10px;--awb-margin-left-small:0px;\"><h1 class=\"fusion-title-heading title-heading-center\" style=\"margin:0;\">Impressum \/ Rechtliche Hinweise<\/h1><\/div><\/div><\/div><\/div><\/div><div class=\"fusion-fullwidth fullwidth-box fusion-builder-row-2 fusion-flex-container has-pattern-background has-mask-background nonhundred-percent-fullwidth non-hundred-percent-height-scrolling\" style=\"--link_color: var(--awb-color2);--awb-border-radius-top-left:0px;--awb-border-radius-top-right:0px;--awb-border-radius-bottom-right:0px;--awb-border-radius-bottom-left:0px;--awb-padding-top:130px;--awb-padding-bottom:130px;--awb-padding-top-medium:90px;--awb-padding-bottom-medium:90px;--awb-padding-top-small:0px;--awb-flex-wrap:wrap;\" ><div class=\"fusion-builder-row fusion-row fusion-flex-align-items-flex-start fusion-flex-content-wrap\" style=\"max-width:1248px;margin-left: calc(-4% \/ 2 );margin-right: calc(-4% \/ 2 );\"><div class=\"fusion-layout-column fusion_builder_column fusion-builder-column-1 fusion_builder_column_1_1 1_1 fusion-flex-column\" style=\"--awb-bg-size:cover;--awb-width-large:100%;--awb-margin-top-large:0px;--awb-spacing-right-large:1.92%;--awb-margin-bottom-large:0px;--awb-spacing-left-large:1.92%;--awb-width-medium:100%;--awb-order-medium:0;--awb-spacing-right-medium:1.92%;--awb-spacing-left-medium:1.92%;--awb-width-small:100%;--awb-order-small:0;--awb-spacing-right-small:1.92%;--awb-spacing-left-small:1.92%;\"><div class=\"fusion-column-wrapper fusion-column-has-shadow fusion-flex-justify-content-flex-start fusion-content-layout-column\"><div class=\"fusion-text fusion-text-1\"><p>Angaben gem\u00e4\u00df \u00a7 5 TMG<br \/>\n<strong>Firmenname:<\/strong><br \/>\nCulturise Consulting UG (haftungsbeschr\u00e4nkt)<\/p>\n<p><strong>Adresse:<\/strong><br \/>\nOsterstra\u00dfe 86-90<br \/>\nc\/o Thorsten Thater<br \/>\n20259 Hamburg<br \/>\nDeutschland<\/p>\n<p><strong>Hinweis:<\/strong> Bei der oben genannten Adresse handelt es sich um den Firmensitz der Culturise Consulting UG (haftungsbeschr\u00e4nkt). Es findet kein Publikumsverkehr statt. Beratungen und Dienstleistungen erfolgen ausschlie\u00dflich vor Ort beim Kunden oder digital.  <\/p>\n<p><strong>Handelsregistereintrag:<\/strong><br \/>\nEingetragen im Handelsregister des Amtsgerichts Hamburg<br \/>\nHandelsregisternummer: HRB 192216<\/p>\n<p><strong>Vertreten durch:<\/strong><br \/>\nGesch\u00e4ftsf\u00fchrerin: Mariana Rom\u00e3o Silva Thater<\/p>\n<p><strong>Kontakt:<\/strong><br \/>\nTelefon: <a href=\"tel:+49%2040%2024896967\">+49 40 24896967<\/a><br \/>\nE-Mail: <a href=\"mailto:info@culturise.tech\">info@culturise.tech<\/a><br \/>\nWebsite: <a href=\"https:\/\/www.culturise.tech\/de\/\">www.culturise.tech<\/a><\/p>\n<p><strong>Umsatzsteuer-ID:<\/strong><br \/>\nUmsatzsteuer-Identifikationsnummer gem\u00e4\u00df \u00a7 27 a Umsatzsteuergesetz: DE454219158<\/p>\n<p><strong>Redaktionell verantwortlich:<\/strong><br \/>\nMariana Rom\u00e3o Silva Thater<\/p>\n<p><strong>Haftungshinweis: <\/strong>Trotz sorgf\u00e4ltiger inhaltlicher Kontrolle \u00fcbernehmen wir keine Haftung f\u00fcr die Inhalte externer Links. F\u00fcr den Inhalt der verlinkten Seiten sind ausschlie\u00dflich deren Betreiber verantwortlich. Dieser Webauftritt verwendet Google Analytics.<\/p>\n<\/div><\/div><\/div><\/div><\/div><\/p>\n","protected":false},"excerpt":{"rendered":"","protected":false},"author":1,"featured_media":0,"parent":0,"menu_order":0,"comment_status":"closed","ping_status":"closed","template":"100-width.php","meta":{"_acf_changed":false,"footnotes":""},"class_list":["post-6025","page","type-page","status-publish","hentry"],"acf":[],"yoast_head":"<!-- This site is optimized with the Yoast SEO plugin v27.5 - https:\/\/yoast.com\/product\/yoast-seo-wordpress\/ -->\n<title>Impressum - Culturise Consulting UG<\/title>\n<meta name=\"robots\" content=\"index, follow, max-snippet:-1, max-image-preview:large, max-video-preview:-1\" \/>\n<link rel=\"canonical\" href=\"https:\/\/www.culturise.tech\/de\/impressum\/\" \/>\n<meta property=\"og:locale\" content=\"de_DE\" \/>\n<meta property=\"og:type\" content=\"article\" \/>\n<meta property=\"og:title\" content=\"Impressum - Culturise Consulting UG\" \/>\n<meta property=\"og:url\" content=\"https:\/\/www.culturise.tech\/de\/impressum\/\" \/>\n<meta property=\"og:site_name\" content=\"Culturise Consulting UG\" \/>\n<meta property=\"article:modified_time\" content=\"2026-02-27T11:10:54+00:00\" \/>\n<meta name=\"twitter:card\" content=\"summary_large_image\" \/>\n<script type=\"application\/ld+json\" class=\"yoast-schema-graph\">{\"@context\":\"https:\\\/\\\/schema.org\",\"@graph\":[{\"@type\":\"WebPage\",\"@id\":\"https:\\\/\\\/www.culturise.tech\\\/de\\\/impressum\\\/\",\"url\":\"https:\\\/\\\/www.culturise.tech\\\/de\\\/impressum\\\/\",\"name\":\"Impressum - Culturise Consulting UG\",\"isPartOf\":{\"@id\":\"https:\\\/\\\/www.culturise.tech\\\/de\\\/#website\"},\"datePublished\":\"2025-01-26T18:59:11+00:00\",\"dateModified\":\"2026-02-27T11:10:54+00:00\",\"breadcrumb\":{\"@id\":\"https:\\\/\\\/www.culturise.tech\\\/de\\\/impressum\\\/#breadcrumb\"},\"inLanguage\":\"de\",\"potentialAction\":[{\"@type\":\"ReadAction\",\"target\":[\"https:\\\/\\\/www.culturise.tech\\\/de\\\/impressum\\\/\"]}]},{\"@type\":\"BreadcrumbList\",\"@id\":\"https:\\\/\\\/www.culturise.tech\\\/de\\\/impressum\\\/#breadcrumb\",\"itemListElement\":[{\"@type\":\"ListItem\",\"position\":1,\"name\":\"Startseite\",\"item\":\"https:\\\/\\\/www.culturise.tech\\\/de\\\/\"},{\"@type\":\"ListItem\",\"position\":2,\"name\":\"Impressum\"}]},{\"@type\":\"WebSite\",\"@id\":\"https:\\\/\\\/www.culturise.tech\\\/de\\\/#website\",\"url\":\"https:\\\/\\\/www.culturise.tech\\\/de\\\/\",\"name\":\"Culturise Consulting UG\",\"description\":\"Technology becomes Culture\",\"publisher\":{\"@id\":\"https:\\\/\\\/www.culturise.tech\\\/de\\\/#organization\"},\"potentialAction\":[{\"@type\":\"SearchAction\",\"target\":{\"@type\":\"EntryPoint\",\"urlTemplate\":\"https:\\\/\\\/www.culturise.tech\\\/de\\\/?s={search_term_string}\"},\"query-input\":{\"@type\":\"PropertyValueSpecification\",\"valueRequired\":true,\"valueName\":\"search_term_string\"}}],\"inLanguage\":\"de\"},{\"@type\":\"Organization\",\"@id\":\"https:\\\/\\\/www.culturise.tech\\\/de\\\/#organization\",\"name\":\"Culturise Consulting UG\",\"url\":\"https:\\\/\\\/www.culturise.tech\\\/de\\\/\",\"logo\":{\"@type\":\"ImageObject\",\"inLanguage\":\"de\",\"@id\":\"https:\\\/\\\/www.culturise.tech\\\/de\\\/#\\\/schema\\\/logo\\\/image\\\/\",\"url\":\"https:\\\/\\\/www.culturise.tech\\\/wp-content\\\/uploads\\\/2025\\\/05\\\/culturise_logo_grosser.png\",\"contentUrl\":\"https:\\\/\\\/www.culturise.tech\\\/wp-content\\\/uploads\\\/2025\\\/05\\\/culturise_logo_grosser.png\",\"width\":1563,\"height\":1563,\"caption\":\"Culturise Consulting UG\"},\"image\":{\"@id\":\"https:\\\/\\\/www.culturise.tech\\\/de\\\/#\\\/schema\\\/logo\\\/image\\\/\"}}]}<\/script>\n<!-- \/ Yoast SEO plugin. -->","yoast_head_json":{"title":"Impressum - Culturise Consulting UG","robots":{"index":"index","follow":"follow","max-snippet":"max-snippet:-1","max-image-preview":"max-image-preview:large","max-video-preview":"max-video-preview:-1"},"canonical":"https:\/\/www.culturise.tech\/de\/impressum\/","og_locale":"de_DE","og_type":"article","og_title":"Impressum - Culturise Consulting UG","og_url":"https:\/\/www.culturise.tech\/de\/impressum\/","og_site_name":"Culturise Consulting UG","article_modified_time":"2026-02-27T11:10:54+00:00","twitter_card":"summary_large_image","schema":{"@context":"https:\/\/schema.org","@graph":[{"@type":"WebPage","@id":"https:\/\/www.culturise.tech\/de\/impressum\/","url":"https:\/\/www.culturise.tech\/de\/impressum\/","name":"Impressum - Culturise Consulting UG","isPartOf":{"@id":"https:\/\/www.culturise.tech\/de\/#website"},"datePublished":"2025-01-26T18:59:11+00:00","dateModified":"2026-02-27T11:10:54+00:00","breadcrumb":{"@id":"https:\/\/www.culturise.tech\/de\/impressum\/#breadcrumb"},"inLanguage":"de","potentialAction":[{"@type":"ReadAction","target":["https:\/\/www.culturise.tech\/de\/impressum\/"]}]},{"@type":"BreadcrumbList","@id":"https:\/\/www.culturise.tech\/de\/impressum\/#breadcrumb","itemListElement":[{"@type":"ListItem","position":1,"name":"Startseite","item":"https:\/\/www.culturise.tech\/de\/"},{"@type":"ListItem","position":2,"name":"Impressum"}]},{"@type":"WebSite","@id":"https:\/\/www.culturise.tech\/de\/#website","url":"https:\/\/www.culturise.tech\/de\/","name":"Culturise Consulting UG","description":"Technology becomes Culture","publisher":{"@id":"https:\/\/www.culturise.tech\/de\/#organization"},"potentialAction":[{"@type":"SearchAction","target":{"@type":"EntryPoint","urlTemplate":"https:\/\/www.culturise.tech\/de\/?s={search_term_string}"},"query-input":{"@type":"PropertyValueSpecification","valueRequired":true,"valueName":"search_term_string"}}],"inLanguage":"de"},{"@type":"Organization","@id":"https:\/\/www.culturise.tech\/de\/#organization","name":"Culturise Consulting UG","url":"https:\/\/www.culturise.tech\/de\/","logo":{"@type":"ImageObject","inLanguage":"de","@id":"https:\/\/www.culturise.tech\/de\/#\/schema\/logo\/image\/","url":"https:\/\/www.culturise.tech\/wp-content\/uploads\/2025\/05\/culturise_logo_grosser.png","contentUrl":"https:\/\/www.culturise.tech\/wp-content\/uploads\/2025\/05\/culturise_logo_grosser.png","width":1563,"height":1563,"caption":"Culturise Consulting UG"},"image":{"@id":"https:\/\/www.culturise.tech\/de\/#\/schema\/logo\/image\/"}}]}},"_links":{"self":[{"href":"https:\/\/www.culturise.tech\/de\/wp-json\/wp\/v2\/pages\/6025","targetHints":{"allow":["GET"]}}],"collection":[{"href":"https:\/\/www.culturise.tech\/de\/wp-json\/wp\/v2\/pages"}],"about":[{"href":"https:\/\/www.culturise.tech\/de\/wp-json\/wp\/v2\/types\/page"}],"author":[{"embeddable":true,"href":"https:\/\/www.culturise.tech\/de\/wp-json\/wp\/v2\/users\/1"}],"replies":[{"embeddable":true,"href":"https:\/\/www.culturise.tech\/de\/wp-json\/wp\/v2\/comments?post=6025"}],"version-history":[{"count":6,"href":"https:\/\/www.culturise.tech\/de\/wp-json\/wp\/v2\/pages\/6025\/revisions"}],"predecessor-version":[{"id":6137,"href":"https:\/\/www.culturise.tech\/de\/wp-json\/wp\/v2\/pages\/6025\/revisions\/6137"}],"wp:attachment":[{"href":"https:\/\/www.culturise.tech\/de\/wp-json\/wp\/v2\/media?parent=6025"}],"curies":[{"name":"wp","href":"https:\/\/api.w.org\/{rel}","templated":true}]}}